{"id":1839,"date":"2022-04-30T07:54:32","date_gmt":"2022-04-30T07:54:32","guid":{"rendered":"https:\/\/putzmeisteringroup.com\/?page_id=1839"},"modified":"2022-05-07T10:56:00","modified_gmt":"2022-05-07T10:56:00","slug":"adatvedelmi-nyilatkozat","status":"publish","type":"page","link":"https:\/\/putzmeisteringroup.com\/hu\/adatvedelmi-nyilatkozat\/","title":{"rendered":"Adatv\u00e9delmi nyilatkozat"},"content":{"rendered":"<p>\u00c1ltal\u00e1nos Adatv\u00e9delmi T\u00e1j\u00e9koztat\u00f3<\/p>\n<p>\u00c1LTAL\u00c1NOS ADATV\u00c9DELMI T\u00c1J\u00c9KOZTAT\u00d3 A <a href=\"http:\/\/www.putzmeisteringroup.com\/\" target=\"_blank\" rel=\"noopener\" data-saferedirecturl=\"https:\/\/www.google.com\/url?q=http:\/\/www.putzmeisteringroup.com&amp;source=gmail&amp;ust=1651492796149000&amp;usg=AOvVaw165HQdJwA-u_4YZ1PiOtWZ\">www.putzmeisteringroup.com<\/a> WEBOLDAL haszn\u00e1lat\u00e0hoz.\u00a0\u00a0<a href=\"http:\/\/www.putzmeisteringroup.com\/\" target=\"_blank\" rel=\"noopener\" data-saferedirecturl=\"https:\/\/www.google.com\/url?q=http:\/\/www.putzmeisteringroup.com&amp;source=gmail&amp;ust=1651492796149000&amp;usg=AOvVaw165HQdJwA-u_4YZ1PiOtWZ\">www.<wbr \/>putzmeisteringroup.com<\/a>\u00a0\u00a0\u00a0webol<wbr \/>dalt a Putzmeisterin Group Kft. \u00fczemelteti. A Putzmeisterin Goup Kft. jelen nyilatkozat\u00e1val t\u00e1j\u00e9koztatja a honlap l\u00e1togat\u00f3it \u00e9s felhaszn\u00e1l\u00f3it adatkezel\u00e9si gyakorlat\u00e1r\u00f3l, az adatok v\u00e9delme \u00e9rdek\u00e9ben megtett szervez\u00e9si \u00e9s technikai int\u00e9zked\u00e9seir\u0151l \u00e9s a felhaszn\u00e1l\u00f3k jogorvoslati lehet\u0151s\u00e9geikr\u0151l. Amikor a Putzmeisterin Group Kft. szolg\u00e1ltat\u00e1sait haszn\u00e1lja, az adatkezel\u0151re b\u00edz bizonyos szem\u00e9lyes adatokat.<\/p>\n<p>Az adatkezel\u0151:<\/p>\n<p>Putzmeisterin Group Kft. (9422 Harka Panor\u00e1ma utca 4\/A nyilv\u00e1ntart\u00e1si sz\u00e1m: 01-09-358549 e-mail: <a href=\"mailto:putzmeisteringroup@gmail.com\" target=\"_blank\" rel=\"noopener\">putzmeisteringroup@gmail.com<\/a>tel.:\u00a0<a href=\"tel:+36%2070%20630%205207\" target=\"_blank\" rel=\"noopener\">+36\u00a0<\/a>30157776<\/p>\n<p>A kezelt adatok k\u00f6re:<\/p>\n<p>A honlap megtekint\u00e9se sor\u00e1n a technikai m\u0171k\u00f6d\u00e9s miatt automatikusan r\u00f6gz\u00edt\u00e9sre ker\u00fcl a felhaszn\u00e1l\u00f3 l\u00e1togat\u00e1s\u00e1nak kezd\u0151 \u00e9s befejez\u0151 id\u0151pontja, illetve egyes esetekben \u2013 a felhaszn\u00e1l\u00f3 sz\u00e1m\u00edt\u00f3g\u00e9p\u00e9nek be\u00e1ll\u00edt\u00e1s\u00e1t\u00f3l f\u00fcgg\u0151en \u2013 a b\u00f6ng\u00e9sz\u0151, az oper\u00e1ci\u00f3s rendszer adatai \u00e9s a felhaszn\u00e1l\u00f3 IP c\u00edme, illetve annak az oldalnak a neve, ahonnan a felhaszn\u00e1l\u00f3 \u00e9rkezett. Ezen adatokb\u00f3l a rendszer automatikusan statisztikai adatokat gener\u00e1l. Az \u00fczemeltet\u0151 ezen adatokat nem kapcsolja \u00f6ssze m\u00e1s szem\u00e9lyes adatokkal, kiz\u00e1r\u00f3lag a statisztik\u00e1k elk\u00e9sz\u00edt\u00e9s\u00e9re haszn\u00e1lja. A\u00a0\u00a0<a href=\"http:\/\/www.putzmeisteringroup.com\/\" target=\"_blank\" rel=\"noopener\" data-saferedirecturl=\"https:\/\/www.google.com\/url?q=http:\/\/www.putzmeisteringroup.com&amp;source=gmail&amp;ust=1651492796149000&amp;usg=AOvVaw165HQdJwA-u_4YZ1PiOtWZ\">www.putzmeisteringroup.com<\/a> a l\u00e1togat\u00f3k sz\u00e1m\u00edt\u00f3g\u00e9p\u00e9re cookie-t k\u00fcld. A cookie t\u00f6bbek k\u00f6z\u00f6tt a felhaszn\u00e1l\u00f3knak t\u00f6rt\u00e9n\u0151 automatikus \u00fczenetek megjelen\u00edt\u00e9se miatt sz\u00fcks\u00e9ges. A cookie-kat kereskedelmi c\u00e9lra a Putzmeisterin Group Kft. nem haszn\u00e1lja.<\/p>\n<p>B\u00e1rki l\u00e1togathatja a honlapot an\u00e9lk\u00fcl, hogy a technikailag automatikus adatkezel\u00e9sen t\u00fal b\u00e1rmilyen szem\u00e9lyes adatokat kellene megadnia.<\/p>\n<p>A k\u00e9rd\u00e9sek, \u00e9s egy\u00e9b megkeres\u00e9sek eset\u00e9n a felhaszn\u00e1l\u00f3 nev\u00e9t, c\u00edm\u00e9t, telefonsz\u00e1m\u00e1t, e-mail c\u00edm\u00e9t a Putzmeisterin Group Kft. kiz\u00e1r\u00f3lag kapcsolattart\u00e1si c\u00e9lra haszn\u00e1lja. A Putzmeisterin Group Kft. a szem\u00e9lyes adatokat nem teszi hozz\u00e1f\u00e9rhet\u0151v\u00e9 a honlap m\u00e1s l\u00e1togat\u00f3i sz\u00e1m\u00e1ra.<\/p>\n<p>Az adatkezel\u00e9s jogalapja:<\/p>\n<p>A honlap haszn\u00e1lat\u00e1hoz megadott adatok kezel\u00e9se a felhaszn\u00e1l\u00f3 \u00f6nk\u00e9ntes hozz\u00e1j\u00e1rul\u00e1s\u00e1val, a jelen t\u00e1j\u00e9koztat\u00e1s ismeret\u00e9ben t\u00f6rt\u00e9nik. A 2. pontban megjel\u00f6lt szem\u00e9lyes adatok kezel\u00e9s\u00e9nek jogalapja a felhaszn\u00e1l\u00f3k \u00f6nk\u00e9ntes hozz\u00e1j\u00e1rul\u00e1sa.<\/p>\n<p>Az adatkezel\u00e9s c\u00e9ljai:<\/p>\n<p>\u2022 Weboldal l\u00e1togat\u00f3i adatok \u2013 A l\u00e1togat\u00e1s id\u0151pontja, az IP c\u00edm, valamint a b\u00f6ng\u00e9sz\u0151 \u00e9s oper\u00e1ci\u00f3s rendszer adatainak felv\u00e9tele \u00e9s t\u00e1rol\u00e1sa a rendszer m\u0171k\u00f6d\u00e9s\u00e9nek saj\u00e1toss\u00e1ga, kezel\u00e9s\u00fck technikailag elengedhetetlen, kiz\u00e1r\u00f3lag statisztikai c\u00e9lokb\u00f3l t\u00f6rt\u00e9nik.<\/p>\n<p>\u2022 T\u00e1j\u00e9koztat\u00e1s az aktu\u00e1lis inform\u00e1ci\u00f3kr\u00f3l, h\u00edrekr\u0151l, l\u00e1togat\u00f3i statisztikai adatok gy\u0171jt\u00e9se, a Weboldal zavartalan \u00e9s megfelel\u0151 m\u0171k\u00f6d\u00e9s\u00e9nek ellen\u0151rz\u00e9se, a vissza\u00e9l\u00e9sek megakad\u00e1lyoz\u00e1sa, a Weboldalt l\u00e1togat\u00f3k v\u00e9lem\u00e9ny\u00e9nek, \u00e9szrev\u00e9teleinek megismer\u00e9se, kapcsolatfelv\u00e9tel.<\/p>\n<p>Ezen adatok \u00f6sszes\u00edtett, statisztikai c\u00e9l\u00fa felhaszn\u00e1l\u00e1s\u00e1ra ker\u00fcl sor. Az adatkezel\u0151 a megjel\u00f6lt c\u00e9lokt\u00f3l elt\u00e9r\u0151 c\u00e9lra a szem\u00e9lyes adatokat nem kezeli. Az \u00edgy megadott adatok kezel\u00e9se a felhaszn\u00e1l\u00f3 \u00f6nk\u00e9ntes hozz\u00e1j\u00e1rul\u00e1s\u00e1val t\u00f6rt\u00e9nik.<\/p>\n<p>Az adatkezel\u00e9s id\u0151tartama:<\/p>\n<p>A session ID-k a b\u00f6ng\u00e9sz\u0151 bez\u00e1r\u00e1sakor automatikusan t\u00f6rl\u0151dnek. A felhaszn\u00e1l\u00f3 a saj\u00e1t cookie-j\u00e1t b\u00e1rmikor t\u00f6r\u00f6lheti. A cookie-k automatikusan t\u00f6rl\u0151dnek a b\u00f6ng\u00e9sz\u0151 be\u00e1ll\u00edt\u00e1s\u00e1t\u00f3l f\u00fcgg\u0151en. Az Adatkezel\u0151 a jogszer\u0171en tudom\u00e1s\u00e1ra hozott szem\u00e9lyes adatokat az adatkezel\u00e9s c\u00e9lj\u00e1nak fenn\u00e1ll\u00e1sa alatt kezeli. Az adatkezel\u00e9s c\u00e9lj\u00e1nak megsz\u0171n\u00e9s\u00e9vel egyidej\u0171leg a szem\u00e9lyes adatok az \u00e9rintett k\u00e9r\u00e9s\u00e9re t\u00f6rl\u00e9sre ker\u00fclnek.<\/p>\n<p>Az adatokhoz hozz\u00e1f\u00e9r\u0151k k\u00f6re, adatfeldolgoz\u00f3k:<\/p>\n<p>A felhaszn\u00e1l\u00f3k \u00e1ltal megadott szem\u00e9lyes adatokhoz, valamint a technikai m\u0171k\u00f6d\u00e9s miatt automatikusan megismert adatokhoz kiz\u00e1r\u00f3lag az adatkezel\u0151 munkat\u00e1rsai f\u00e9rhetnek hozz\u00e1.<\/p>\n<p>Szem\u00e9lyes adatokat harmadik szem\u00e9lyeknek az adatkezel\u0151 nem ad \u00e1t, kiv\u00e9ve akkor, ha a felhaszn\u00e1l\u00f3 olyan c\u00e9lb\u00f3l adta meg szem\u00e9lyes adat\u00e1t. A t\u00f6rv\u00e9nyben el\u0151\u00edrt, k\u00f6telez\u0151 adattov\u00e1bb\u00edt\u00e1sok eset\u00e9n Putzmeisterin Group Kft. az egyes hat\u00f3s\u00e1gi adatk\u00e9r\u00e9sek teljes\u00edt\u00e9se el\u0151tt minden egyes adat tekintet\u00e9ben megvizsg\u00e1lja, hogy val\u00f3ban fenn\u00e1ll-e az adattov\u00e1bb\u00edt\u00e1s jogalapja, \u00e9s sz\u00fcks\u00e9g eset\u00e9n kik\u00e9ri az adatv\u00e9delmi hat\u00f3s\u00e1g v\u00e9lem\u00e9ny\u00e9t.<\/p>\n<p>A felhaszn\u00e1l\u00f3 b\u00e1rmikor jogosult m\u00f3dos\u00edtani a megadott adatokat.<\/p>\n<p>Az \u00e9rintettek szem\u00e9lyes adataik kezel\u00e9s\u00e9vel kapcsolatos jogai:<\/p>\n<p>Hozz\u00e1f\u00e9r\u00e9s:<\/p>\n<p>Szem\u00e9lyes adataik kezel\u00e9s\u00e9r\u0151l minden \u00e9rintett t\u00e1j\u00e9koztat\u00e1st k\u00e9rhet. Az adatkezel\u0151 k\u00e9r\u00e9sre 30 napon bel\u00fcl \u00edr\u00e1sban t\u00e1j\u00e9koztat\u00e1st ad az \u00e9rintettnek az \u00e1ltala kezelt adatair\u00f3l, az adatkezel\u00e9s c\u00e9lj\u00e1r\u00f3l, jogalapj\u00e1r\u00f3l, id\u0151tartam\u00e1r\u00f3l, az adatfeldolgoz\u00f3 nev\u00e9r\u0151l, c\u00edm\u00e9r\u0151l (sz\u00e9khely\u00e9r\u0151l) \u00e9s az adatkezel\u00e9ssel \u00f6sszef\u00fcgg\u0151 tev\u00e9kenys\u00e9g\u00e9r\u0151l, tov\u00e1bb\u00e1 arr\u00f3l, hogy kik \u00e9s milyen c\u00e9lb\u00f3l kapj\u00e1k vagy kapt\u00e1k meg az adatokat. Mindezeket a jogait csak el\u0151zetes azonos\u00edt\u00e1st k\u00f6vet\u0151en tudjuk biztos\u00edtani. Ez\u00e9rt k\u00e9rj\u00fck, hogy az adatkezel\u00e9ssel \u00f6sszef\u00fcgg\u0151 k\u00e9r\u00e9seit, nyilatkozatait, panaszait jelentse be Putzmeisterin Group Kft. valamely el\u00e9rhet\u0151s\u00e9g\u00e9n (9422 Harka Panor\u00e1ma utca 4\/A e-mail: <a href=\"mailto:putzmeisteringroup@gmail.com\" target=\"_blank\" rel=\"noopener\">putzmeisteringroup@gmail.com<\/a>; tel.:\u00a0<a href=\"tel:+36%2070%20630%205207\" target=\"_blank\" rel=\"noopener\">+36301577776<\/a>.). K\u00e9sz\u00fclj\u00f6n fel r\u00e1, hogy jogainak gyakorl\u00e1s\u00e1hoz sz\u00fcks\u00e9g lesz szem\u00e9lyazonoss\u00e1g\u00e1nak igazol\u00e1s\u00e1ra.<\/p>\n<p>Helyesb\u00edt\u00e9s \u00e9s t\u00f6rl\u00e9s:<\/p>\n<p>Az \u00e9rintettek \u00edr\u00e1sban k\u00e9rhetik a szem\u00e9lyes adataik (vagy azok egy r\u00e9sz\u00e9nek) m\u00f3dos\u00edt\u00e1s\u00e1t \u00e9s t\u00f6rl\u00e9s\u00e9t. Ezen k\u00e9r\u00e9sekre az adatkezel\u0151 a lehet\u0151 legr\u00f6videbb id\u0151n, de legfeljebb h\u00e1rom h\u00e9ten bel\u00fcl visszajelz\u00e9st k\u00fcld. T\u00f6rl\u00e9s abban az esetben lehets\u00e9ges, ha az \u00e9rintett visszavonja az adatkezel\u00e9s alapj\u00e1t k\u00e9pez\u0151 hozz\u00e1j\u00e1rul\u00e1s\u00e1t, \u00e9s az adatkezel\u00e9snek nincs m\u00e1s jogalapja. Az e-mailen k\u00e9rt adatt\u00f6rl\u00e9sre a kifog\u00e1s meg\u00e9rkez\u00e9s\u00e9t\u0151l legk\u00e9s\u0151bb a lehet\u0151 legr\u00f6videbb id\u0151n, de legfeljebb h\u00e1rom h\u00e9ten bel\u00fcl v\u00e1laszol az adatkezel\u0151.<\/p>\n<p>Adatok hordozhat\u00f3s\u00e1ga:<\/p>\n<p>Az \u00e9rintettek \u00edr\u00e1sban k\u00e9rhetik az \u00e1ltaluk az adatkezel\u0151 rendelkez\u00e9s\u00e9re bocs\u00e1tott szem\u00e9lyes adatok rendelkez\u00e9sre bocs\u00e1t\u00e1s\u00e1t, sz\u00e9les k\u00f6rben haszn\u00e1lt, g\u00e9ppel olvashat\u00f3 form\u00e1tumban.<\/p>\n<p>Az adatkezel\u0151 a k\u00e9r\u00e9st k\u00f6vet\u0151en ezt 30 napon bel\u00fcl az \u00e9rintett sz\u00e1m\u00e1ra rendelkez\u00e9sre bocs\u00e1tja.<\/p>\n<p>Adatbiztons\u00e1gi int\u00e9zked\u00e9sek:<\/p>\n<p>Az Adatkezel\u0151 minden t\u0151le telhet\u0151 int\u00e9zked\u00e9st megtesz annak \u00e9rdek\u00e9ben, hogy az adatok biztons\u00e1gos, s\u00e9r\u00fcl\u00e9smentes kezel\u00e9s\u00e9t \u00e9s az ehhez sz\u00fcks\u00e9ges adatkezel\u00e9si rendszerek ki\u00e9p\u00edt\u00e9s\u00e9t, m\u0171k\u00f6dtet\u00e9s\u00e9t, \u00fczemeltet\u00e9s\u00e9t biztos\u00edtani tudja.<\/p>\n<p>Jog\u00e9rv\u00e9nyes\u00edt\u00e9si lehet\u0151s\u00e9gek:<\/p>\n<p>K\u00e9rj\u00fck a felhaszn\u00e1l\u00f3kat, hogy ha \u00fagy \u00e9rzi, hogy a Putzmeisterin Group Kft. megs\u00e9rtette a szem\u00e9lyes adatok v\u00e9delm\u00e9hez f\u0171z\u0151d\u0151 jog\u00e1t, akkor vegye fel vel\u00fcnk a kapcsolatot, hogy az esetleges s\u00e9relmet orvosolhassuk. T\u00e1j\u00e9koztatjuk a felhaszn\u00e1l\u00f3kat, hogy ig\u00e9ny\u00fcket polg\u00e1ri b\u00edr\u00f3s\u00e1g el\u0151tt is \u00e9rv\u00e9nyes\u00edthetik, vagy k\u00e9rhetik az adatv\u00e9delmi hat\u00f3s\u00e1g seg\u00edts\u00e9g\u00e9t is.<\/p>\n<p>Erre, valamint az adatkezel\u0151 k\u00f6telezetts\u00e9geire vonatkoz\u00f3 r\u00e9szletes jogszab\u00e1lyi rendelkez\u00e9seket az Eur\u00f3pai Parlamentnek \u00e9s a Tan\u00e1csnak a term\u00e9szetes szem\u00e9lyeknek a szem\u00e9lyes adatok kezel\u00e9se tekintet\u00e9ben t\u00f6rt\u00e9n\u0151 v\u00e9delm\u00e9r\u0151l \u00e9s az ilyen adatok szabad \u00e1raml\u00e1s\u00e1r\u00f3l, valamint a 95\/46\/EK rendelet hat\u00e1lyon k\u00edv\u00fcl helyez\u00e9s\u00e9r\u0151l sz\u00f3l\u00f3 2016\/679 rendelete (2016. \u00e1prilis 27.), az inform\u00e1ci\u00f3s \u00f6nrendelkez\u00e9si jogr\u00f3l \u00e9s az inform\u00e1ci\u00f3szabads\u00e1gr\u00f3l sz\u00f3l\u00f3 2011. \u00e9vi CXII. t\u00f6rv\u00e9ny tartalmazza, valamint az elektronikus kereskedelmi szolg\u00e1ltat\u00e1sok, valamint az inform\u00e1ci\u00f3s t\u00e1rsadalommal \u00f6sszef\u00fcgg\u0151 szolg\u00e1ltat\u00e1sok egyes k\u00e9rd\u00e9seir\u0151l sz\u00f3l\u00f3 a 2001. \u00e9vi CVIII. t\u00f6rv\u00e9ny 13\/A. \u00a7 tartalmazza.<\/p>\n<p>Az Putzmeisterin Group Kft. az \u00d6n szem\u00e9lyes adat\u00e1t kiz\u00e1r\u00f3lag a jelen adatv\u00e9delmi nyilatkozat \u00e9s a hat\u00e1lyos adatv\u00e9delmi jogszab\u00e1lyoknak megfelel\u0151en dolgozza fel. Amennyiben azonban \u00d6n szem\u00e9lyes adatainak feldolgoz\u00e1s\u00e1val kapcsolatban m\u00e9gis panaszt szeretne tenni, vagy m\u00e1s m\u00f3don el\u00e9gedetlen azzal, ahogyan az adatait kezelj\u00fck, jog\u00e1ban \u00e1ll a fel\u00fcgyeleti hat\u00f3s\u00e1gn\u00e1l panaszt tenni.<\/p>\n<p>Nemzeti Adatv\u00e9delmi \u00e9s Inform\u00e1ci\u00f3szabads\u00e1g Hat\u00f3s\u00e1g (c\u00edm: 1125 Budapest, Szil\u00e1gyi Erzs\u00e9bet fasor 22\/c; telefon:\u00a0<a href=\"tel:+36-1-391-1400\" target=\"_blank\" rel=\"noopener\">+36-1-391-1400<\/a>; e-mail: <a href=\"mailto:ugyfelszolgalat@naih.hu\" target=\"_blank\" rel=\"noopener\">ugyfelszolgalat@naih.hu<\/a>).<\/p>\n<p>B\u00edr\u00f3s\u00e1gi \u00fat: az adatv\u00e9delmi perek elb\u00edr\u00e1l\u00e1sa a t\u00f6rv\u00e9nysz\u00e9k hat\u00e1sk\u00f6r\u00e9be tartozik. A per \u2013 az \u00e9rintett v\u00e1laszt\u00e1sa szerint \u2013 az \u00e9rintett lak\u00f3helye vagy tart\u00f3zkod\u00e1si helye szerinti t\u00f6rv\u00e9nysz\u00e9k el\u0151tt is megind\u00edthat\u00f3.<\/p>\n<p>Kik\u00f6t\u00e9s:<\/p>\n<p>Az adatkezel\u0151 fenntartja a jogot, hogy az adatv\u00e9delmi nyilatkozat\u00e1t megv\u00e1ltoztassa. Erre k\u00fcl\u00f6n\u00f6sen akkor ker\u00fclhet sor, ha a szolg\u00e1ltat\u00e1sok k\u00f6re b\u0151v\u00fcl, vagy ha jogszab\u00e1ly azt k\u00f6telez\u0151v\u00e9 teszi. Az adatkezel\u00e9s megv\u00e1ltoz\u00e1sa nem jelentheti a szem\u00e9lyes adatok c\u00e9lt\u00f3l elt\u00e9r\u0151 kezel\u00e9s\u00e9t. Az erre vonatkoz\u00f3 t\u00e1j\u00e9koztat\u00e1st az adatkezel\u0151 15 nappal el\u0151re k\u00f6zz\u00e9teszi honlapj\u00e1n.<\/p>\n","protected":false},"excerpt":{"rendered":"<p>\u00c1ltal\u00e1nos Adatv\u00e9delmi T\u00e1j\u00e9koztat\u00f3 \u00c1LTAL\u00c1NOS ADATV\u00c9DELMI T\u00c1J\u00c9KOZTAT\u00d3 A www.putzmeisteringroup.com WEBOLDAL haszn\u00e1lat\u00e0hoz.\u00a0\u00a0www.putzmeisteringroup.com\u00a0\u00a0\u00a0weboldalt a Putzmeisterin Group Kft. \u00fczemelteti. A Putzmeisterin Goup Kft. jelen nyilatkozat\u00e1val t\u00e1j\u00e9koztatja a honlap l\u00e1togat\u00f3it \u00e9s felhaszn\u00e1l\u00f3it adatkezel\u00e9si gyakorlat\u00e1r\u00f3l, az adatok v\u00e9delme \u00e9rdek\u00e9ben megtett szervez\u00e9si \u00e9s technikai int\u00e9zked\u00e9seir\u0151l \u00e9s a felhaszn\u00e1l\u00f3k jogorvoslati lehet\u0151s\u00e9geikr\u0151l. Amikor a Putzmeisterin Group Kft. szolg\u00e1ltat\u00e1sait haszn\u00e1lja, az adatkezel\u0151re b\u00edz bizonyos szem\u00e9lyes&hellip;<\/p>\n","protected":false},"author":2,"featured_media":0,"parent":0,"menu_order":0,"comment_status":"closed","ping_status":"closed","template":"","meta":{"footnotes":""},"class_list":["post-1839","page","type-page","status-publish","hentry","description-off"],"yoast_head":"<!-- This site is optimized with the Yoast SEO plugin v27.4 - https:\/\/yoast.com\/product\/yoast-seo-wordpress\/ -->\n<title>Adatv\u00e9delmi nyilatkozat - Putzbusters OG<\/title>\n<meta name=\"robots\" content=\"index, follow, max-snippet:-1, max-image-preview:large, max-video-preview:-1\" \/>\n<link rel=\"canonical\" href=\"https:\/\/putzmeisteringroup.com\/hu\/adatvedelmi-nyilatkozat\/\" \/>\n<meta property=\"og:locale\" content=\"hu_HU\" \/>\n<meta property=\"og:type\" content=\"article\" \/>\n<meta property=\"og:title\" content=\"Adatv\u00e9delmi nyilatkozat - Putzbusters OG\" \/>\n<meta property=\"og:description\" content=\"\u00c1ltal\u00e1nos Adatv\u00e9delmi T\u00e1j\u00e9koztat\u00f3 \u00c1LTAL\u00c1NOS ADATV\u00c9DELMI T\u00c1J\u00c9KOZTAT\u00d3 A www.putzmeisteringroup.com WEBOLDAL haszn\u00e1lat\u00e0hoz.\u00a0\u00a0www.putzmeisteringroup.com\u00a0\u00a0\u00a0weboldalt a Putzmeisterin Group Kft. \u00fczemelteti. A Putzmeisterin Goup Kft. jelen nyilatkozat\u00e1val t\u00e1j\u00e9koztatja a honlap l\u00e1togat\u00f3it \u00e9s felhaszn\u00e1l\u00f3it adatkezel\u00e9si gyakorlat\u00e1r\u00f3l, az adatok v\u00e9delme \u00e9rdek\u00e9ben megtett szervez\u00e9si \u00e9s technikai int\u00e9zked\u00e9seir\u0151l \u00e9s a felhaszn\u00e1l\u00f3k jogorvoslati lehet\u0151s\u00e9geikr\u0151l. Amikor a Putzmeisterin Group Kft. szolg\u00e1ltat\u00e1sait haszn\u00e1lja, az adatkezel\u0151re b\u00edz bizonyos szem\u00e9lyes&hellip;\" \/>\n<meta property=\"og:url\" content=\"https:\/\/putzmeisteringroup.com\/adatvedelmi-nyilatkozat\/\" \/>\n<meta property=\"og:site_name\" content=\"Putzbusters OG\" \/>\n<meta property=\"article:modified_time\" content=\"2022-05-07T10:56:00+00:00\" \/>\n<meta name=\"twitter:card\" content=\"summary_large_image\" \/>\n<meta name=\"twitter:label1\" content=\"Becs\u00fclt olvas\u00e1si id\u0151\" \/>\n\t<meta name=\"twitter:data1\" content=\"6 perc\" \/>\n<script type=\"application\/ld+json\" class=\"yoast-schema-graph\">{\"@context\":\"https:\\\/\\\/schema.org\",\"@graph\":[{\"@type\":\"WebPage\",\"@id\":\"https:\\\/\\\/putzmeisteringroup.com\\\/adatvedelmi-nyilatkozat\\\/\",\"url\":\"https:\\\/\\\/putzmeisteringroup.com\\\/adatvedelmi-nyilatkozat\\\/\",\"name\":\"Adatv\u00e9delmi nyilatkozat - Putzbusters OG\",\"isPartOf\":{\"@id\":\"https:\\\/\\\/putzmeisteringroup.com\\\/#website\"},\"datePublished\":\"2022-04-30T07:54:32+00:00\",\"dateModified\":\"2022-05-07T10:56:00+00:00\",\"breadcrumb\":{\"@id\":\"https:\\\/\\\/putzmeisteringroup.com\\\/adatvedelmi-nyilatkozat\\\/#breadcrumb\"},\"inLanguage\":\"hu\",\"potentialAction\":[{\"@type\":\"ReadAction\",\"target\":[\"https:\\\/\\\/putzmeisteringroup.com\\\/adatvedelmi-nyilatkozat\\\/\"]}]},{\"@type\":\"BreadcrumbList\",\"@id\":\"https:\\\/\\\/putzmeisteringroup.com\\\/adatvedelmi-nyilatkozat\\\/#breadcrumb\",\"itemListElement\":[{\"@type\":\"ListItem\",\"position\":1,\"name\":\"Kezd\u0151lap\",\"item\":\"https:\\\/\\\/putzmeisteringroup.com\\\/hu\\\/\"},{\"@type\":\"ListItem\",\"position\":2,\"name\":\"Adatv\u00e9delmi nyilatkozat\"}]},{\"@type\":\"WebSite\",\"@id\":\"https:\\\/\\\/putzmeisteringroup.com\\\/#website\",\"url\":\"https:\\\/\\\/putzmeisteringroup.com\\\/\",\"name\":\"Putzbusters OG\",\"description\":\"\",\"potentialAction\":[{\"@type\":\"SearchAction\",\"target\":{\"@type\":\"EntryPoint\",\"urlTemplate\":\"https:\\\/\\\/putzmeisteringroup.com\\\/?s={search_term_string}\"},\"query-input\":{\"@type\":\"PropertyValueSpecification\",\"valueRequired\":true,\"valueName\":\"search_term_string\"}}],\"inLanguage\":\"hu\"}]}<\/script>\n<!-- \/ Yoast SEO plugin. -->","yoast_head_json":{"title":"Adatv\u00e9delmi nyilatkozat - Putzbusters OG","robots":{"index":"index","follow":"follow","max-snippet":"max-snippet:-1","max-image-preview":"max-image-preview:large","max-video-preview":"max-video-preview:-1"},"canonical":"https:\/\/putzmeisteringroup.com\/hu\/adatvedelmi-nyilatkozat\/","og_locale":"hu_HU","og_type":"article","og_title":"Adatv\u00e9delmi nyilatkozat - Putzbusters OG","og_description":"\u00c1ltal\u00e1nos Adatv\u00e9delmi T\u00e1j\u00e9koztat\u00f3 \u00c1LTAL\u00c1NOS ADATV\u00c9DELMI T\u00c1J\u00c9KOZTAT\u00d3 A www.putzmeisteringroup.com WEBOLDAL haszn\u00e1lat\u00e0hoz.\u00a0\u00a0www.putzmeisteringroup.com\u00a0\u00a0\u00a0weboldalt a Putzmeisterin Group Kft. \u00fczemelteti. A Putzmeisterin Goup Kft. jelen nyilatkozat\u00e1val t\u00e1j\u00e9koztatja a honlap l\u00e1togat\u00f3it \u00e9s felhaszn\u00e1l\u00f3it adatkezel\u00e9si gyakorlat\u00e1r\u00f3l, az adatok v\u00e9delme \u00e9rdek\u00e9ben megtett szervez\u00e9si \u00e9s technikai int\u00e9zked\u00e9seir\u0151l \u00e9s a felhaszn\u00e1l\u00f3k jogorvoslati lehet\u0151s\u00e9geikr\u0151l. Amikor a Putzmeisterin Group Kft. szolg\u00e1ltat\u00e1sait haszn\u00e1lja, az adatkezel\u0151re b\u00edz bizonyos szem\u00e9lyes&hellip;","og_url":"https:\/\/putzmeisteringroup.com\/adatvedelmi-nyilatkozat\/","og_site_name":"Putzbusters OG","article_modified_time":"2022-05-07T10:56:00+00:00","twitter_card":"summary_large_image","twitter_misc":{"Becs\u00fclt olvas\u00e1si id\u0151":"6 perc"},"schema":{"@context":"https:\/\/schema.org","@graph":[{"@type":"WebPage","@id":"https:\/\/putzmeisteringroup.com\/adatvedelmi-nyilatkozat\/","url":"https:\/\/putzmeisteringroup.com\/adatvedelmi-nyilatkozat\/","name":"Adatv\u00e9delmi nyilatkozat - Putzbusters OG","isPartOf":{"@id":"https:\/\/putzmeisteringroup.com\/#website"},"datePublished":"2022-04-30T07:54:32+00:00","dateModified":"2022-05-07T10:56:00+00:00","breadcrumb":{"@id":"https:\/\/putzmeisteringroup.com\/adatvedelmi-nyilatkozat\/#breadcrumb"},"inLanguage":"hu","potentialAction":[{"@type":"ReadAction","target":["https:\/\/putzmeisteringroup.com\/adatvedelmi-nyilatkozat\/"]}]},{"@type":"BreadcrumbList","@id":"https:\/\/putzmeisteringroup.com\/adatvedelmi-nyilatkozat\/#breadcrumb","itemListElement":[{"@type":"ListItem","position":1,"name":"Kezd\u0151lap","item":"https:\/\/putzmeisteringroup.com\/hu\/"},{"@type":"ListItem","position":2,"name":"Adatv\u00e9delmi nyilatkozat"}]},{"@type":"WebSite","@id":"https:\/\/putzmeisteringroup.com\/#website","url":"https:\/\/putzmeisteringroup.com\/","name":"Putzbusters OG","description":"","potentialAction":[{"@type":"SearchAction","target":{"@type":"EntryPoint","urlTemplate":"https:\/\/putzmeisteringroup.com\/?s={search_term_string}"},"query-input":{"@type":"PropertyValueSpecification","valueRequired":true,"valueName":"search_term_string"}}],"inLanguage":"hu"}]}},"_links":{"self":[{"href":"https:\/\/putzmeisteringroup.com\/hu\/wp-json\/wp\/v2\/pages\/1839","targetHints":{"allow":["GET"]}}],"collection":[{"href":"https:\/\/putzmeisteringroup.com\/hu\/wp-json\/wp\/v2\/pages"}],"about":[{"href":"https:\/\/putzmeisteringroup.com\/hu\/wp-json\/wp\/v2\/types\/page"}],"author":[{"embeddable":true,"href":"https:\/\/putzmeisteringroup.com\/hu\/wp-json\/wp\/v2\/users\/2"}],"replies":[{"embeddable":true,"href":"https:\/\/putzmeisteringroup.com\/hu\/wp-json\/wp\/v2\/comments?post=1839"}],"version-history":[{"count":3,"href":"https:\/\/putzmeisteringroup.com\/hu\/wp-json\/wp\/v2\/pages\/1839\/revisions"}],"predecessor-version":[{"id":1877,"href":"https:\/\/putzmeisteringroup.com\/hu\/wp-json\/wp\/v2\/pages\/1839\/revisions\/1877"}],"wp:attachment":[{"href":"https:\/\/putzmeisteringroup.com\/hu\/wp-json\/wp\/v2\/media?parent=1839"}],"curies":[{"name":"wp","href":"https:\/\/api.w.org\/{rel}","templated":true}]}}